{"id":276,"date":"2025-09-18T01:16:14","date_gmt":"2025-09-18T07:16:14","guid":{"rendered":"https:\/\/acapulcoestate.com\/?page_id=276"},"modified":"2025-09-18T01:16:14","modified_gmt":"2025-09-18T07:16:14","slug":"ubicacion-de-la-propiedad","status":"publish","type":"page","link":"https:\/\/acapulcoestate.com\/index.php\/ubicacion-de-la-propiedad\/","title":{"rendered":"Ubicaci\u00f3n de la propiedad"},"content":{"rendered":"\n<p><\/p>\n\n\n\n<iframe src=\"https:\/\/www.google.com\/maps\/embed?pb=!1m18!1m12!1m3!1d3818.7731315938186!2d-99.9155196240678!3d16.83760721840884!2m3!1f0!2f0!3f0!3m2!1i1024!2i768!4f13.1!3m3!1m2!1s0x85caf7e8070988db%3A0xd06a14aff7dd7566!2sLa%20Suiza%2047%2C%20Las%20Playas%2C%2039390%20Acapulco%20de%20Ju%C3%A1rez%2C%20Gro.!5e0!3m2!1ses!2smx!4v1758178840526!5m2!1ses!2smx\" width=\"600\" height=\"450\" style=\"border:0;\" allowfullscreen=\"\" loading=\"lazy\" referrerpolicy=\"no-referrer-when-downgrade\"><\/iframe>\n\n\n\n<p><\/p>\n\n\n\n<p><strong>Descubre La Suiza, Colonia Las Playas, 39390 Acapulco<\/strong><\/p>\n\n\n\n<p>Ubicada en la prestigiosa zona de <strong>Las Playas<\/strong> en Acapulco, la direcci\u00f3n <strong>La Suiza<\/strong> ofrece una ubicaci\u00f3n ideal que combina tranquilidad y cercan\u00eda a las principales atracciones de la ciudad. Este sector es conocido por su ambiente residencial agradable, calles tranquilas y proximidad inmediata al mar, ofreciendo vistas impresionantes de la bah\u00eda.<\/p>\n\n\n\n<p>A solo unos minutos, encontrar\u00e1s lugares emblem\u00e1ticos como:<\/p>\n\n\n\n<ul class=\"wp-block-list\">\n<li><strong>La Quebrada<\/strong>, famosa por sus valientes clavadistas que saltan desde los acantilados al oc\u00e9ano Pac\u00edfico, un espect\u00e1culo \u00fanico en el mundo.<\/li>\n\n\n\n<li><strong>Caleta y Caletilla<\/strong>, encantadoras calas perfectas para relajarse, nadar o disfrutar de deliciosos restaurantes de mariscos frente al mar.<\/li>\n<\/ul>\n\n\n\n<p>El barrio tambi\u00e9n ofrece f\u00e1cil acceso a servicios locales, tiendas, mercados y transporte, mientras mantiene la tranquilidad alejada del bullicio de las zonas tur\u00edsticas principales. Ya sea para vivir en un entorno apacible o invertir en una propiedad de lujo, <strong>La Suiza en Colonia Las Playas<\/strong> combina el encanto residencial de Acapulco con la proximidad a sus atracciones m\u00e1s ic\u00f3nicas.<\/p>\n","protected":false},"excerpt":{"rendered":"<p>Descubre La Suiza, Colonia Las Playas, 39390 Acapulco Ubicada en la prestigiosa zona de Las Playas en Acapulco, la direcci\u00f3n La Suiza ofrece una ubicaci\u00f3n ideal que combina tranquilidad y cercan\u00eda a las principales atracciones de la ciudad. Este sector es conocido por su ambiente residencial agradable, calles tranquilas y proximidad inmediata al mar, ofreciendo [&hellip;]<\/p>\n","protected":false},"author":1,"featured_media":0,"parent":0,"menu_order":0,"comment_status":"closed","ping_status":"closed","template":"","meta":{"footnotes":""},"class_list":["post-276","page","type-page","status-publish","hentry"],"_links":{"self":[{"href":"https:\/\/acapulcoestate.com\/index.php\/wp-json\/wp\/v2\/pages\/276","targetHints":{"allow":["GET"]}}],"collection":[{"href":"https:\/\/acapulcoestate.com\/index.php\/wp-json\/wp\/v2\/pages"}],"about":[{"href":"https:\/\/acapulcoestate.com\/index.php\/wp-json\/wp\/v2\/types\/page"}],"author":[{"embeddable":true,"href":"https:\/\/acapulcoestate.com\/index.php\/wp-json\/wp\/v2\/users\/1"}],"replies":[{"embeddable":true,"href":"https:\/\/acapulcoestate.com\/index.php\/wp-json\/wp\/v2\/comments?post=276"}],"version-history":[{"count":1,"href":"https:\/\/acapulcoestate.com\/index.php\/wp-json\/wp\/v2\/pages\/276\/revisions"}],"predecessor-version":[{"id":277,"href":"https:\/\/acapulcoestate.com\/index.php\/wp-json\/wp\/v2\/pages\/276\/revisions\/277"}],"wp:attachment":[{"href":"https:\/\/acapulcoestate.com\/index.php\/wp-json\/wp\/v2\/media?parent=276"}],"curies":[{"name":"wp","href":"https:\/\/api.w.org\/{rel}","templated":true}]}}