{"id":26,"date":"2025-09-16T20:02:26","date_gmt":"2025-09-17T02:02:26","guid":{"rendered":"https:\/\/acapulcoestate.com\/index.php\/contact\/"},"modified":"2025-09-18T00:40:38","modified_gmt":"2025-09-18T06:40:38","slug":"contact","status":"publish","type":"page","link":"https:\/\/acapulcoestate.com\/index.php\/contact\/","title":{"rendered":"Cont\u00e1ctanos"},"content":{"rendered":"<h2 data-start=\"131\" data-end=\"149\">\ud83d\udcde Cont\u00e1ctanos<\/h2>\n<p data-start=\"151\" data-end=\"312\">\u00bfEst\u00e1 interesado en invertir en una villa en Acapulco o desea m\u00e1s informaci\u00f3n sobre oportunidades inmobiliarias?<br data-start=\"263\" data-end=\"266\" \/>No dude en comunicarse conmigo directamente:<\/p>\n<ul data-start=\"314\" data-end=\"480\">\n<li data-start=\"314\" data-end=\"383\">\n<p data-start=\"316\" data-end=\"383\">\ud83d\udcf1 <strong data-start=\"319\" data-end=\"332\">WhatsApp:<\/strong> <a class=\"decorated-link cursor-pointer\" target=\"_new\" rel=\"noopener\" data-start=\"333\" data-end=\"381\"> +52 744 352 1210 <\/a><\/p>\n<\/li>\n<li data-start=\"384\" data-end=\"480\">\n<p data-start=\"386\" data-end=\"480\">\u2709\ufe0f <strong data-start=\"389\" data-end=\"412\">Correo electr\u00f3nico:<\/strong> <a class=\"decorated-link cursor-pointer\" rel=\"noopener\" data-start=\"413\" data-end=\"478\">berenice@acapulcoestate.com<\/a><\/p>\n<\/li>\n<\/ul>\n<p data-start=\"482\" data-end=\"581\">\ud83c\udf34 Estoy a su disposici\u00f3n para asesorarle y acompa\u00f1arle en cada paso de su inversi\u00f3n en Acapulco.<\/p>\n","protected":false},"excerpt":{"rendered":"<p>\ud83d\udcde Cont\u00e1ctanos \u00bfEst\u00e1 interesado en invertir en una villa en Acapulco o desea m\u00e1s informaci\u00f3n sobre oportunidades inmobiliarias?No dude en comunicarse conmigo directamente: \ud83d\udcf1 WhatsApp: +52 744 352 1210 \u2709\ufe0f Correo electr\u00f3nico: berenice@acapulcoestate.com \ud83c\udf34 Estoy a su disposici\u00f3n para asesorarle y acompa\u00f1arle en cada paso de su inversi\u00f3n en Acapulco.<\/p>\n","protected":false},"author":1,"featured_media":256,"parent":0,"menu_order":0,"comment_status":"closed","ping_status":"closed","template":"","meta":{"footnotes":""},"class_list":["post-26","page","type-page","status-publish","has-post-thumbnail","hentry"],"_links":{"self":[{"href":"https:\/\/acapulcoestate.com\/index.php\/wp-json\/wp\/v2\/pages\/26","targetHints":{"allow":["GET"]}}],"collection":[{"href":"https:\/\/acapulcoestate.com\/index.php\/wp-json\/wp\/v2\/pages"}],"about":[{"href":"https:\/\/acapulcoestate.com\/index.php\/wp-json\/wp\/v2\/types\/page"}],"author":[{"embeddable":true,"href":"https:\/\/acapulcoestate.com\/index.php\/wp-json\/wp\/v2\/users\/1"}],"replies":[{"embeddable":true,"href":"https:\/\/acapulcoestate.com\/index.php\/wp-json\/wp\/v2\/comments?post=26"}],"version-history":[{"count":3,"href":"https:\/\/acapulcoestate.com\/index.php\/wp-json\/wp\/v2\/pages\/26\/revisions"}],"predecessor-version":[{"id":257,"href":"https:\/\/acapulcoestate.com\/index.php\/wp-json\/wp\/v2\/pages\/26\/revisions\/257"}],"wp:featuredmedia":[{"embeddable":true,"href":"https:\/\/acapulcoestate.com\/index.php\/wp-json\/wp\/v2\/media\/256"}],"wp:attachment":[{"href":"https:\/\/acapulcoestate.com\/index.php\/wp-json\/wp\/v2\/media?parent=26"}],"curies":[{"name":"wp","href":"https:\/\/api.w.org\/{rel}","templated":true}]}}