{"id":20,"date":"2025-09-16T20:02:25","date_gmt":"2025-09-17T02:02:25","guid":{"rendered":"https:\/\/acapulcoestate.com\/index.php\/about-us\/"},"modified":"2025-09-18T00:42:24","modified_gmt":"2025-09-18T06:42:24","slug":"about-us","status":"publish","type":"page","link":"https:\/\/acapulcoestate.com\/index.php\/about-us\/","title":{"rendered":"Sobre nosotros"},"content":{"rendered":"<p data-start=\"144\" data-end=\"268\">\ud83d\udc4b Hola, soy <strong data-start=\"157\" data-end=\"172\">Berenice Rojas<\/strong>, agente inmobiliario en Acapulco especializado en <strong data-start=\"223\" data-end=\"265\">villas con alto potencial de inversi\u00f3n<\/strong>.<\/p>\n<p data-start=\"270\" data-end=\"523\">Mi misi\u00f3n es ayudar a inversionistas nacionales e internacionales a descubrir propiedades \u00fanicas que no solo ofrecen un estilo de vida exclusivo, sino tambi\u00e9n una <strong data-start=\"433\" data-end=\"520\">rentabilidad comprobada a trav\u00e9s de alquileres en plataformas como Airbnb y Booking<\/strong>.<\/p>\n<p data-start=\"525\" data-end=\"769\">Con experiencia en el mercado inmobiliario de Acapulco, conozco las zonas con mayor plusval\u00eda y las oportunidades que permiten <strong data-start=\"652\" data-end=\"692\">recuperar la inversi\u00f3n en pocos a\u00f1os<\/strong> gracias a la gran demanda tur\u00edstica y la cercan\u00eda con la Ciudad de M\u00e9xico.<\/p>\n<p data-start=\"771\" data-end=\"919\">Si busca <strong data-start=\"780\" data-end=\"839\">seguridad, rentabilidad y un clima perfecto todo el a\u00f1o<\/strong>, estar\u00e9 encantado de asesorarle en la compra de su pr\u00f3xima villa en Acapulco.<\/p>\n<p data-start=\"136\" data-end=\"316\">En <strong data-start=\"139\" data-end=\"158\">Acapulco Estate<\/strong>, acompa\u00f1amos a nuestros clientes en <strong data-start=\"195\" data-end=\"245\">todo el proceso de compra-venta de propiedades<\/strong> para que su inversi\u00f3n sea segura, transparente y sin complicaciones.<\/p>\n<p data-start=\"318\" data-end=\"781\">\u2705 <strong data-start=\"320\" data-end=\"342\">Asesor\u00eda integral:<\/strong> le guiamos paso a paso en la negociaci\u00f3n y cierre de la operaci\u00f3n.<br data-start=\"409\" data-end=\"412\" \/>\u2705 <strong data-start=\"414\" data-end=\"432\">Gesti\u00f3n legal:<\/strong> trabajamos directamente con <strong data-start=\"461\" data-end=\"494\">notarios p\u00fablicos en Acapulco<\/strong> para garantizar que toda la documentaci\u00f3n de la compraventa est\u00e9 en orden y conforme a la ley.<br data-start=\"589\" data-end=\"592\" \/>\u2705 <strong data-start=\"594\" data-end=\"618\">Visi\u00f3n de inversi\u00f3n:<\/strong> apoyamos a nuestros clientes en la elaboraci\u00f3n de un <strong data-start=\"672\" data-end=\"703\">business plan personalizado<\/strong>, pensado para maximizar el rendimiento de su futura inversi\u00f3n inmobiliaria.<\/p>\n<p data-start=\"783\" data-end=\"940\">Nuestro compromiso es ofrecerle no solo una propiedad, sino una <strong data-start=\"847\" data-end=\"885\">experiencia de inversi\u00f3n confiable<\/strong>, con respaldo profesional y orientaci\u00f3n estrat\u00e9gica.<\/p>\n\n\n<figure class=\"wp-block-image size-full\"><img loading=\"lazy\" decoding=\"async\" width=\"200\" height=\"200\" src=\"https:\/\/acapulcoestate.com\/wp-content\/uploads\/2025\/09\/yas.jpg\" alt=\"\" class=\"wp-image-89\" srcset=\"https:\/\/acapulcoestate.com\/wp-content\/uploads\/2025\/09\/yas.jpg 200w, https:\/\/acapulcoestate.com\/wp-content\/uploads\/2025\/09\/yas-150x150.jpg 150w, https:\/\/acapulcoestate.com\/wp-content\/uploads\/2025\/09\/yas-100x100.jpg 100w\" sizes=\"auto, (max-width: 200px) 100vw, 200px\" \/><\/figure>\n\n\n\n<p>Berenice Rojas<\/p>\n","protected":false},"excerpt":{"rendered":"<p>\ud83d\udc4b Hola, soy Berenice Rojas, agente inmobiliario en Acapulco especializado en villas con alto potencial de inversi\u00f3n. Mi misi\u00f3n es ayudar a inversionistas nacionales e internacionales a descubrir propiedades \u00fanicas que no solo ofrecen un estilo de vida exclusivo, sino tambi\u00e9n una rentabilidad comprobada a trav\u00e9s de alquileres en plataformas como Airbnb y Booking. Con [&hellip;]<\/p>\n","protected":false},"author":1,"featured_media":185,"parent":0,"menu_order":0,"comment_status":"closed","ping_status":"closed","template":"","meta":{"footnotes":""},"class_list":["post-20","page","type-page","status-publish","has-post-thumbnail","hentry"],"_links":{"self":[{"href":"https:\/\/acapulcoestate.com\/index.php\/wp-json\/wp\/v2\/pages\/20","targetHints":{"allow":["GET"]}}],"collection":[{"href":"https:\/\/acapulcoestate.com\/index.php\/wp-json\/wp\/v2\/pages"}],"about":[{"href":"https:\/\/acapulcoestate.com\/index.php\/wp-json\/wp\/v2\/types\/page"}],"author":[{"embeddable":true,"href":"https:\/\/acapulcoestate.com\/index.php\/wp-json\/wp\/v2\/users\/1"}],"replies":[{"embeddable":true,"href":"https:\/\/acapulcoestate.com\/index.php\/wp-json\/wp\/v2\/comments?post=20"}],"version-history":[{"count":4,"href":"https:\/\/acapulcoestate.com\/index.php\/wp-json\/wp\/v2\/pages\/20\/revisions"}],"predecessor-version":[{"id":164,"href":"https:\/\/acapulcoestate.com\/index.php\/wp-json\/wp\/v2\/pages\/20\/revisions\/164"}],"wp:featuredmedia":[{"embeddable":true,"href":"https:\/\/acapulcoestate.com\/index.php\/wp-json\/wp\/v2\/media\/185"}],"wp:attachment":[{"href":"https:\/\/acapulcoestate.com\/index.php\/wp-json\/wp\/v2\/media?parent=20"}],"curies":[{"name":"wp","href":"https:\/\/api.w.org\/{rel}","templated":true}]}}